{"id":77,"date":"2010-04-28T23:31:33","date_gmt":"2010-04-28T21:31:33","guid":{"rendered":"http:\/\/www.rfz-bochum-nord.com\/?page_id=77"},"modified":"2017-01-14T14:08:02","modified_gmt":"2017-01-14T12:08:02","slug":"das-reiterstubchen","status":"publish","type":"page","link":"https:\/\/www.rfz-bochum-nord.com\/?page_id=77","title":{"rendered":"Reiterst\u00fcbchen"},"content":{"rendered":"<p>Liebe Freunde des RFZ Bochum-Nord, leider ist unser &#8222;Reiterst\u00fcbchen&#8220; ab sofort geschlossen.<\/p>\n<p style=\"text-align: center;\"><strong>-P\u00e4chter gesucht-<\/strong><\/p>\n<p style=\"text-align: center;\">Auf einer Fl\u00e4che von 120 qm empfangen wir Sie in unserem November 2007 er\u00f6ffneten Reiterst\u00fcbchen in einer schicken, hellen und modernen Einrichtung. Zudem k\u00f6nnen Sie dank einer breiten Fensterfront beste Sicht auf das Reitgeschehen in der 20&#215;60 m gro\u00dfen Halle genie\u00dfen. Bei sch\u00f6nem Wetter l\u00e4dt sie die angrenzende Sonnenterasse zum Verweilen ein.<\/p>\n<p style=\"text-align: center;\">Bei weiteren Fragen wenden sie sich bitte an den RFZ<\/p>\n<p style=\"text-align: center;\"><a title=\" \" href=\"https:\/\/www.rfz-bochum-nord.com\/wp-content\/gallery\/reiterstubchen\/15-05-016.jpg\" data-src=\"https:\/\/www.rfz-bochum-nord.com\/wp-content\/gallery\/reiterstubchen\/15-05-016.jpg\" data-description=\" \" data-title=\"Au\u00dfenansicht\" data-thumbnail=\"https:\/\/www.rfz-bochum-nord.com\/wp-content\/gallery\/reiterstubchen\/thumbs\/thumbs_15-05-016.jpg\" data-image-id=\"172\"><img decoding=\"async\" class=\"ngg-singlepic ngg-none\" src=\"https:\/\/www.rfz-bochum-nord.com\/wp-content\/gallery\/reiterstubchen\/thumbs\/thumbs_15-05-016.jpg\" alt=\"Au\u00dfenansicht\" \/><\/a><a title=\" \" href=\"https:\/\/www.rfz-bochum-nord.com\/wp-content\/gallery\/reiterstubchen\/15-05-019.jpg\" data-src=\"https:\/\/www.rfz-bochum-nord.com\/wp-content\/gallery\/reiterstubchen\/15-05-019.jpg\" data-description=\" \" data-title=\"Blick in die Halle\" data-thumbnail=\"https:\/\/www.rfz-bochum-nord.com\/wp-content\/gallery\/reiterstubchen\/thumbs\/thumbs_15-05-019.jpg\" data-image-id=\"174\"><img decoding=\"async\" class=\"ngg-singlepic ngg-none\" src=\"https:\/\/www.rfz-bochum-nord.com\/wp-content\/gallery\/reiterstubchen\/thumbs\/thumbs_15-05-019.jpg\" alt=\"Blick in die Halle\" \/><\/a><a title=\" \" href=\"https:\/\/www.rfz-bochum-nord.com\/wp-content\/gallery\/reiterstubchen\/2.jpg\" data-src=\"https:\/\/www.rfz-bochum-nord.com\/wp-content\/gallery\/reiterstubchen\/2.jpg\" data-description=\" \" data-title=\"2\" data-thumbnail=\"https:\/\/www.rfz-bochum-nord.com\/wp-content\/gallery\/reiterstubchen\/thumbs\/thumbs_2.jpg\" data-image-id=\"2914\"><img decoding=\"async\" class=\"ngg-singlepic ngg-none\" src=\"https:\/\/www.rfz-bochum-nord.com\/wp-content\/gallery\/reiterstubchen\/thumbs\/thumbs_2.jpg\" alt=\"2\" \/><\/a><\/p>\n<p>&nbsp;<\/p>\n","protected":false},"excerpt":{"rendered":"<p>Liebe Freunde des RFZ Bochum-Nord, leider ist unser &#8222;Reiterst\u00fcbchen&#8220; ab sofort geschlossen. -P\u00e4chter gesucht- Auf einer Fl\u00e4che von 120 qm empfangen wir Sie in unserem November 2007 er\u00f6ffneten Reiterst\u00fcbchen in einer schicken, hellen und modernen Einrichtung. Zudem k\u00f6nnen Sie dank einer breiten Fensterfront beste Sicht auf das Reitgeschehen in der 20&#215;60 m gro\u00dfen Halle genie\u00dfen. [&hellip;]<\/p>\n","protected":false},"author":1,"featured_media":0,"parent":0,"menu_order":1,"comment_status":"closed","ping_status":"closed","template":"","meta":{"ngg_post_thumbnail":0,"footnotes":""},"class_list":["post-77","page","type-page","status-publish","hentry"],"_links":{"self":[{"href":"https:\/\/www.rfz-bochum-nord.com\/index.php?rest_route=\/wp\/v2\/pages\/77","targetHints":{"allow":["GET"]}}],"collection":[{"href":"https:\/\/www.rfz-bochum-nord.com\/index.php?rest_route=\/wp\/v2\/pages"}],"about":[{"href":"https:\/\/www.rfz-bochum-nord.com\/index.php?rest_route=\/wp\/v2\/types\/page"}],"author":[{"embeddable":true,"href":"https:\/\/www.rfz-bochum-nord.com\/index.php?rest_route=\/wp\/v2\/users\/1"}],"replies":[{"embeddable":true,"href":"https:\/\/www.rfz-bochum-nord.com\/index.php?rest_route=%2Fwp%2Fv2%2Fcomments&post=77"}],"version-history":[{"count":32,"href":"https:\/\/www.rfz-bochum-nord.com\/index.php?rest_route=\/wp\/v2\/pages\/77\/revisions"}],"predecessor-version":[{"id":9138,"href":"https:\/\/www.rfz-bochum-nord.com\/index.php?rest_route=\/wp\/v2\/pages\/77\/revisions\/9138"}],"wp:attachment":[{"href":"https:\/\/www.rfz-bochum-nord.com\/index.php?rest_route=%2Fwp%2Fv2%2Fmedia&parent=77"}],"curies":[{"name":"wp","href":"https:\/\/api.w.org\/{rel}","templated":true}]}}