{"id":73,"date":"2010-04-28T23:12:58","date_gmt":"2010-04-28T21:12:58","guid":{"rendered":"http:\/\/www.rfz-bochum-nord.com\/?page_id=73"},"modified":"2026-02-18T11:58:16","modified_gmt":"2026-02-18T09:58:16","slug":"reitanlage","status":"publish","type":"page","link":"https:\/\/www.rfz-bochum-nord.com\/?page_id=73","title":{"rendered":"Reitanlage und Boxenvermietung"},"content":{"rendered":"<p style=\"text-align: justify;\">Unsere Reitanlage mit Boxen, Au\u00dfenanlagen und Reitwegenetzen wird kontinuierlich verbessert, modernisiert und pferdefreundlicher gestaltet, um unseren Pferden ein gem\u00fctliches und artgerechtes &#8222;Wohnen&#8220; zu gew\u00e4hrleisten und um die Anforderungen einer Leistungssportanlage zu erf\u00fcllen.<\/p>\n<p><strong>Unsere Reitanlage besteht aus:<\/strong><\/p>\n<ul>\n<li>70 Boxen in 3 Stalltrakten<\/li>\n<li>2 Reithallen (20x60m mit Zuschauertrib\u00fcne und 20x40m mit Au\u00dfen sowie Verbindungszugang)<\/li>\n<li>Sandspringplatz (65x85m (Turnierplatz))<\/li>\n<li>Sandspringplatz (30x65m mit Flutlicht)<\/li>\n<li>3 Dressurpl\u00e4tzen (20x60m, 22x45m und 20x40m mit Flutlicht)<\/li>\n<li>Longierhalle<\/li>\n<li>Freilauff\u00fchranlage, Durchmesser 18m f\u00fcr 5 Pferde<\/li>\n<li>Solarium mit M\u00fcnzbetrieb<\/li>\n<li>4 Weiden (Parzellen mit je ca. 2500qm)<\/li>\n<li>Gel\u00e4nde &#8211; Bestehendes Wegenetz (Ausreiten: Rund um die Anlage des RFZ Bochum-Nord erstrecken sich neu angelegte Reitwege. Dadurch hat man Ausreitm\u00f6glichkeiten \u00fcber mehrere Kilometer durch sehr sch\u00f6nes Gel\u00e4nde. Es sind Ausritte bis zum Gysenberg m\u00f6glich.)<\/li>\n<\/ul>\n<p><strong>Infos zur Boxenvermietung:<\/strong><\/p>\n<p>\u00dcberweisungsbetrag pro Box Gro\u00dfpferd: 520,- EUR\/mtl.; Ponys abweichend<\/p>\n<p>Dieser Gesamtbetrag setzt sich aus folgenden Betr\u00e4gen zusammen:<br \/>\n&#8211; 300.-\u20ac Boxenmiete (Bereitstellung einer Box, <span style=\"font-size: inherit;\">3x t\u00e4gliches F\u00fcttern (Hafer \/ Pellets), 2<\/span><span style=\"font-size: inherit;\">x Heu (3. F\u00fctterung optional), <\/span><span style=\"font-size: inherit;\">T\u00e4gliches Misten (Mo-Fr), <\/span><span style=\"font-size: inherit;\">Monatliches Grundmisten<\/span><\/p>\n<p>&#8211; 145.-\u20ac Anlagenbeitrag (Nutzung der Reitsportanlage und der Weidefl\u00e4chen, F\u00fchrmaschine und Longierzelt)<\/p>\n<p>&#8211; 75.-\u20ac Aktivenbeitrag f\u00fcr den ersten Reiter (Teilnahme an den Vereinsreitstunden)<\/p>\n<p><span style=\"font-size: inherit;\">F\u00fcr Familien, Einsteller mit mehreren Pferden und Reitbeteiligungen gelten gesonderte, meist g\u00fcnstigere Regelungen, diese sind zu erfragen.<\/span><\/p>\nngg_shortcode_0_placeholder\n<p>Hier eine wundersch\u00f6ne Luftaufnahme unserer Anlage, welche am Pfingstturnier 2015 aufgenommen wurde<\/p>\n<div style=\"width: 858px;\" class=\"wp-video\"><video class=\"wp-video-shortcode\" id=\"video-73-1\" width=\"858\" height=\"480\" preload=\"metadata\" controls=\"controls\"><source type=\"video\/mp4\" src=\"https:\/\/www.rfz-bochum-nord.com\/wp-content\/uploads\/2015\/05\/RFZ-Handy.mp4?_=1\" \/><a href=\"https:\/\/www.rfz-bochum-nord.com\/wp-content\/uploads\/2015\/05\/RFZ-Handy.mp4\">https:\/\/www.rfz-bochum-nord.com\/wp-content\/uploads\/2015\/05\/RFZ-Handy.mp4<\/a><\/video><\/div>\n","protected":false},"excerpt":{"rendered":"<p>Unsere Reitanlage mit Boxen, Au\u00dfenanlagen und Reitwegenetzen wird kontinuierlich verbessert, modernisiert und pferdefreundlicher gestaltet, um unseren Pferden ein gem\u00fctliches und artgerechtes &#8222;Wohnen&#8220; zu gew\u00e4hrleisten und um die Anforderungen einer Leistungssportanlage zu erf\u00fcllen. Unsere Reitanlage besteht aus: 70 Boxen in 3 Stalltrakten 2 Reithallen (20x60m mit Zuschauertrib\u00fcne und 20x40m mit Au\u00dfen sowie Verbindungszugang) Sandspringplatz (65x85m (Turnierplatz)) [&hellip;]<\/p>\n","protected":false},"author":1,"featured_media":0,"parent":0,"menu_order":2,"comment_status":"closed","ping_status":"open","template":"","meta":{"ngg_post_thumbnail":0,"footnotes":""},"class_list":["post-73","page","type-page","status-publish","hentry"],"_links":{"self":[{"href":"https:\/\/www.rfz-bochum-nord.com\/index.php?rest_route=\/wp\/v2\/pages\/73","targetHints":{"allow":["GET"]}}],"collection":[{"href":"https:\/\/www.rfz-bochum-nord.com\/index.php?rest_route=\/wp\/v2\/pages"}],"about":[{"href":"https:\/\/www.rfz-bochum-nord.com\/index.php?rest_route=\/wp\/v2\/types\/page"}],"author":[{"embeddable":true,"href":"https:\/\/www.rfz-bochum-nord.com\/index.php?rest_route=\/wp\/v2\/users\/1"}],"replies":[{"embeddable":true,"href":"https:\/\/www.rfz-bochum-nord.com\/index.php?rest_route=%2Fwp%2Fv2%2Fcomments&post=73"}],"version-history":[{"count":21,"href":"https:\/\/www.rfz-bochum-nord.com\/index.php?rest_route=\/wp\/v2\/pages\/73\/revisions"}],"predecessor-version":[{"id":17433,"href":"https:\/\/www.rfz-bochum-nord.com\/index.php?rest_route=\/wp\/v2\/pages\/73\/revisions\/17433"}],"wp:attachment":[{"href":"https:\/\/www.rfz-bochum-nord.com\/index.php?rest_route=%2Fwp%2Fv2%2Fmedia&parent=73"}],"curies":[{"name":"wp","href":"https:\/\/api.w.org\/{rel}","templated":true}]}}