{"id":478,"date":"2010-08-09T12:34:55","date_gmt":"2010-08-09T10:34:55","guid":{"rendered":"http:\/\/www.rfz-bochum-nord.com\/?page_id=478"},"modified":"2024-07-05T12:26:37","modified_gmt":"2024-07-05T10:26:37","slug":"jugend","status":"publish","type":"page","link":"https:\/\/www.rfz-bochum-nord.com\/?page_id=478","title":{"rendered":"Jugendabteilung"},"content":{"rendered":"<p><a href=\"https:\/\/www.rfz-bochum-nord.com\/wp-content\/gallery\/grill-abend-vom-21-08-2010\/21-8-009_0.jpg\"><img loading=\"lazy\" decoding=\"async\" class=\"ngg-singlepic ngg-none alignleft\" src=\"https:\/\/www.rfz-bochum-nord.com\/wp-content\/gallery\/grill-abend-vom-21-08-2010\/thumbs\/thumbs_21-8-009_0.jpg\" alt=\"\" width=\"75\" height=\"62\"><\/a>Von den ca. 199 Mitgliedern des RFZ-Bochum-Nord z\u00e4hlen zur Zeit 77 zu unserer Jugendabteilung.<\/p>\n<p>Laut der LPO (2000) ist hier zu unterscheiden zwischen Junioren und Jungen Reiter.<br \/>\nZu den Junioren z\u00e4hlen alle Reiter, die im laufenden Kalenderjahr maximal ihren 18.Geburtstag haben. Die 19 bis 21 Jahre alten Reiter z\u00e4hlen zu der Altersgruppe Junge Reiter.<\/p>\n<p>Demnach z\u00e4hlt der RFZ in diesem Jahr 59 Mitgliedern zu den Junioren, sowie 18 Mitglieder zu den Jungen Reiter.<\/p>\n<p>Die Jugendabteilung unternimmt regelm\u00e4\u00dfig Ausfl\u00fcge wie zb. zum Movie Park nach Bottrop, dem Paddeln mit Kanadiern oder auch mit und ohne Pferd zum Reiterhof L\u00fcssing im Emsland&#8230; Zudem werden aber auch wie zb. zu Weihnachten oder Rosenmontag Quadrillien mit tollen Kost\u00fcmen aufgef\u00fchrt.<\/p>\n<p>Nicht zu vergessen sind nat\u00fcrlich die gemeinsamen Turnierambitionen.<\/p>\n<p>Alle aktuellen Termine, Berichte, Foto\u00b4s&nbsp; etc. findet Ihr unter <span style=\"color: #ff0000;\">News 2024 &#8211; Jugend<\/span><\/p>\n<p>Wir haben etwas im Archiv gest\u00f6bert.. Hier findet Ihr Foto\u00b4s von:<\/p>\n<p><a href=\"https:\/\/www.rfz-bochum-nord.com\/?page_id=902\">Halloween 2007<\/a><\/p>\n<p><a href=\"https:\/\/www.rfz-bochum-nord.com\/?page_id=898\">Weihnachtsfeier 2007<\/a><\/p>\n<p><a href=\"https:\/\/www.rfz-bochum-nord.com\/?page_id=894\">Weihnachtsfeier 2008<\/a><\/p>\n<p><a href=\"https:\/\/www.rfz-bochum-nord.com\/?page_id=883\">Reiterspiele am 12.10.\u00b408<\/a><\/p>\n<p><a href=\"https:\/\/www.rfz-bochum-nord.com\/?page_id=908\">&#8222;Paddeln mit Canadiern&#8220;<\/a><\/p>\n<p><a href=\"https:\/\/www.rfz-bochum-nord.com\/?page_id=889\">Jugendfahrt nach L\u00fcssing 2008<\/a><\/p>\n<p>&nbsp;<\/p>\n<p><a href=\"https:\/\/www.rfz-bochum-nord.com\/wp-content\/uploads\/2010\/08\/JKM-080.jpg\"><img loading=\"lazy\" decoding=\"async\" class=\"alignleft size-thumbnail wp-image-995\" title=\"JKM 2010\" src=\"https:\/\/www.rfz-bochum-nord.com\/wp-content\/uploads\/2010\/08\/JKM-080-150x150.jpg\" alt=\"\" width=\"150\" height=\"150\"><\/a><a href=\"https:\/\/www.rfz-bochum-nord.com\/wp-content\/uploads\/2010\/08\/62819_433621045919_683655919_5245200_5244099_n.jpg\"><img loading=\"lazy\" decoding=\"async\" class=\"alignleft size-thumbnail wp-image-996\" title=\"Halloween-Quadrille\" src=\"https:\/\/www.rfz-bochum-nord.com\/wp-content\/uploads\/2010\/08\/62819_433621045919_683655919_5245200_5244099_n-150x150.jpg\" alt=\"\" width=\"150\" height=\"150\"><\/a><a href=\"https:\/\/www.rfz-bochum-nord.com\/wp-content\/uploads\/2010\/08\/n78-1-20080809193030.jpg\"><img loading=\"lazy\" decoding=\"async\" class=\"alignleft size-thumbnail wp-image-997\" title=\"Paddeln\" src=\"https:\/\/www.rfz-bochum-nord.com\/wp-content\/uploads\/2010\/08\/n78-1-20080809193030-150x150.jpg\" alt=\"\" width=\"150\" height=\"150\"><\/a><a title=\"\" href=\"https:\/\/www.rfz-bochum-nord.com\/wp-content\/gallery\/der-nachwuchs\/nokia1-013.jpg\"><img decoding=\"async\" class=\"ngg-singlepic ngg-left\" src=\"https:\/\/www.rfz-bochum-nord.com\/wp-content\/gallery\/der-nachwuchs\/thumbs\/thumbs_nokia1-013.jpg\" alt=\"nokia1-013\"><\/a><a title=\"\" href=\"https:\/\/www.rfz-bochum-nord.com\/wp-content\/gallery\/der-nachwuchs\/nokia1-006.jpg\"><img decoding=\"async\" class=\"ngg-singlepic ngg-none\" src=\"https:\/\/www.rfz-bochum-nord.com\/wp-content\/gallery\/der-nachwuchs\/thumbs\/thumbs_nokia1-006.jpg\" alt=\"nokia1-006\"><\/a><a title=\"\" href=\"https:\/\/www.rfz-bochum-nord.com\/wp-content\/gallery\/der-nachwuchs\/handy-bilder-056.jpg\"><img decoding=\"async\" class=\"ngg-singlepic ngg-none\" src=\"https:\/\/www.rfz-bochum-nord.com\/wp-content\/gallery\/der-nachwuchs\/thumbs\/thumbs_handy-bilder-056.jpg\" alt=\"handy-bilder-056\"><\/a><\/p>\n","protected":false},"excerpt":{"rendered":"<p>Von den ca. 199 Mitgliedern des RFZ-Bochum-Nord z\u00e4hlen zur Zeit 77 zu unserer Jugendabteilung. Laut der LPO (2000) ist hier zu unterscheiden zwischen Junioren und Jungen Reiter. Zu den Junioren z\u00e4hlen alle Reiter, die im laufenden Kalenderjahr maximal ihren 18.Geburtstag haben. Die 19 bis 21 Jahre alten Reiter z\u00e4hlen zu der Altersgruppe Junge Reiter. Demnach [&hellip;]<\/p>\n","protected":false},"author":1,"featured_media":0,"parent":0,"menu_order":4,"comment_status":"closed","ping_status":"open","template":"","meta":{"ngg_post_thumbnail":0,"footnotes":""},"class_list":["post-478","page","type-page","status-publish","hentry"],"_links":{"self":[{"href":"https:\/\/www.rfz-bochum-nord.com\/index.php?rest_route=\/wp\/v2\/pages\/478","targetHints":{"allow":["GET"]}}],"collection":[{"href":"https:\/\/www.rfz-bochum-nord.com\/index.php?rest_route=\/wp\/v2\/pages"}],"about":[{"href":"https:\/\/www.rfz-bochum-nord.com\/index.php?rest_route=\/wp\/v2\/types\/page"}],"author":[{"embeddable":true,"href":"https:\/\/www.rfz-bochum-nord.com\/index.php?rest_route=\/wp\/v2\/users\/1"}],"replies":[{"embeddable":true,"href":"https:\/\/www.rfz-bochum-nord.com\/index.php?rest_route=%2Fwp%2Fv2%2Fcomments&post=478"}],"version-history":[{"count":52,"href":"https:\/\/www.rfz-bochum-nord.com\/index.php?rest_route=\/wp\/v2\/pages\/478\/revisions"}],"predecessor-version":[{"id":17175,"href":"https:\/\/www.rfz-bochum-nord.com\/index.php?rest_route=\/wp\/v2\/pages\/478\/revisions\/17175"}],"wp:attachment":[{"href":"https:\/\/www.rfz-bochum-nord.com\/index.php?rest_route=%2Fwp%2Fv2%2Fmedia&parent=478"}],"curies":[{"name":"wp","href":"https:\/\/api.w.org\/{rel}","templated":true}]}}