{"id":443,"date":"2010-07-29T19:48:54","date_gmt":"2010-07-29T17:48:54","guid":{"rendered":"http:\/\/www.rfz-bochum-nord.com\/?page_id=443"},"modified":"2019-04-16T12:55:55","modified_gmt":"2019-04-16T10:55:55","slug":"historie","status":"publish","type":"page","link":"https:\/\/www.rfz-bochum-nord.com\/?page_id=443","title":{"rendered":"Geschichte RFZ"},"content":{"rendered":"<p>In den Katakomben des Hofes Gerd Becker, Bergenerstr, wurde aus einem Kreis von Pferdeliebhabern im Februar <span style=\"text-decoration: underline;\"><span style=\"color: #008000;\"><a href=\"https:\/\/www.rfz-bochum-nord.com\/?p=632\"><strong>1975<\/strong><\/a><\/span><\/span> ein Reitverein gegr\u00fcndet. Man nannte sich Reitverein Hiltrop-Bergen.&nbsp; Standort der Schultenhof in Bergen.<br \/>\nAls Werbezug f\u00fcr den Reitsport zog man am kommenden Rosenmontag durch die Stra\u00dfen von Hiltrop-Bergen. Es war also der 1te Rosenmontagsumzug, gegr\u00fcndet vom Reitverein.<br \/>\nDie ersten Reitversuche wurden auf dem Schultenhof von Polizisten der Reiterstaffel Bochum geleitet. Kurz danach kamen die Hobbyreiter des Hofes Becker, Cruismannstr dazu. Der Verein wurde gr\u00f6\u00dfer. Eltern arbeiteten f\u00fcr Ihre Kinder mit am Aufbau, eine gro\u00dfe Gemeinschaft. Parcours wurden erneuert, Drainagen gelegt, alle packten an. Sitz des Vereins wurde nun Hof Becker, Cruismannstr.. Erster Reitlehrer wurde Klaus Reimers.<br \/>\n1. Turnier auf dem Cruismannshof<\/p>\n<p><span style=\"text-decoration: underline;\"><span style=\"color: #008000;\"><a href=\"https:\/\/www.rfz-bochum-nord.com\/?p=630\"><strong>1976<\/strong><\/a><\/span><\/span> Wahl des ersten Vereinsvorstandes<br \/>\n1.Pfingstturnier , entstehende Tradition , 130 Pferde am Start<br \/>\n1.Lehrgang zum Erwerb des Reiterabzeichens<\/p>\n<p><span style=\"text-decoration: underline;\"><span style=\"color: #008000;\"><a href=\"https:\/\/www.rfz-bochum-nord.com\/?p=584\"><strong>1977<\/strong><\/a> <\/span><\/span>Aufbau der Traglufthalle<br \/>\nErste Schleppjagd mit ca 80 Pferden und einer Hundemeute, ca 15km \u00fcber Felder und W\u00e4lder<\/p>\n<p><strong><a href=\"https:\/\/www.rfz-bochum-nord.com\/?p=601\"><span style=\"color: #000000;\"><span style=\"text-decoration: underline;\">1978<\/span><\/span><\/a> <\/strong> Umbenennung des Vereins in Reit-, Fahr- und Zuchtverein Bochum-Nord 1975 e.V.<\/p>\n<p><span style=\"color: #008000;\"><span style=\"text-decoration: underline;\"><a href=\"https:\/\/www.rfz-bochum-nord.com\/?p=605\"><strong>1979<\/strong><\/a><\/span> <\/span>Ingrid Erver (Messner) wird Kreismeisterin des KRV Dortmund<\/p>\n<p><span style=\"text-decoration: underline;\"><span style=\"color: #008000;\"><strong><a href=\"https:\/\/www.rfz-bochum-nord.com\/?p=610\"><span style=\"color: #000000;\">1980<\/span><\/a> <\/strong><\/span> <\/span>Fahrt der Jugendabteilung nach Wien<\/p>\n<p><span style=\"text-decoration: underline;\"><span style=\"color: #008000;\"><a href=\"https:\/\/www.rfz-bochum-nord.com\/?p=614\"><strong>1981<\/strong><\/a><\/span><\/span><\/p>\n<p><span style=\"text-decoration: underline;\"><span style=\"color: #008000;\"><a href=\"https:\/\/www.rfz-bochum-nord.com\/?p=621\"><strong>1982<\/strong><\/a><\/span><\/span> Ingrid Erver (Messner) qualifiziert sich f\u00fcr die Deutsche Meisterschaft<\/p>\n<p><span style=\"text-decoration: underline;\"><span style=\"color: #008000;\"><a href=\"https:\/\/www.rfz-bochum-nord.com\/?p=625\"><strong>1983<\/strong><\/a><\/span><\/span> Bauantrag f\u00fcr Reithalle 20m x 40m<\/p>\n<p><span style=\"color: #888888;\"><span style=\"text-decoration: underline;\"><a href=\"https:\/\/www.rfz-bochum-nord.com\/?p=628\"><strong>1984<\/strong><\/a><\/span><\/span> Erteilung der Gemeinn\u00fctzigkeit<\/p>\n<p><span style=\"color: #888888;\"><span style=\"text-decoration: underline;\"><a href=\"https:\/\/www.rfz-bochum-nord.com\/?p=634\"><strong>1985<\/strong><\/a><\/span><\/span><\/p>\n<p><span style=\"text-decoration: underline;\"><a href=\"https:\/\/www.rfz-bochum-nord.com\/?p=617\"><strong>1986<\/strong><\/a><\/span><\/p>\n<p><span style=\"color: #888888;\"><strong><a href=\"https:\/\/www.rfz-bochum-nord.com\/?p=636\"><span style=\"color: #000000;\"><span style=\"text-decoration: underline;\">1987<\/span><\/span><\/a> <\/strong><\/span> Er\u00f6ffnung des Reiterst\u00fcbchens<\/p>\n<p><strong><a href=\"https:\/\/www.rfz-bochum-nord.com\/?p=638\"><span style=\"color: #000000;\"><span style=\"text-decoration: underline;\">1989<\/span><\/span><\/a> <\/strong> Baubeginn der Reithalle 20m x 40m<\/p>\n<p><strong>1990<\/strong> Einweihung der Reithalle 20m x 40m<br \/>\nJugendmannschaft wird Kreismeister der KRV Dortmund<\/p>\n<p><strong>1998<\/strong> Erweiterung der 1.Reithalle auf 20m x 60m<\/p>\n<p><strong>1999<\/strong> Einweihung der 2. Reithalle 20m x 40m<\/p>\n<p><span style=\"color: #008000;\"><span style=\"text-decoration: underline;\"><a href=\"https:\/\/www.rfz-bochum-nord.com\/?p=640\"><strong>2000<\/strong><\/a><\/span> <\/span>Pfingstturnier mit zwei S-Dressuren und zwei S-Springen<br \/>\nHerbstturnier mit M-Dressur und S-Springen und Ausrichtung der<br \/>\nKreisvereinsmeisterschaft des KRV Dortmund<\/p>\n<p><strong>2001-2002<\/strong> Alle Reitpl\u00e4tze werden mit Alwetter-Reitsand best\u00fcckt und neu eingez\u00e4unt<\/p>\n<p><strong>2004<\/strong> Eine Freilauf-F\u00fchranlage wird errichtet<br \/>\nDer RFZ richtet eine eigene Homepage ein<br \/>\n2ter Platz bei den Jugendkreismeisterschaften<br \/>\n3ter Platz bei den Kreismeisterschaften<\/p>\n<p><strong>2005<\/strong> Der RFZ veranstaltet erstmals ein Late Entry Springturnier<br \/>\nzusammen mit dem Turnierb\u00fcro Hollmann.<\/p>\n<p><strong>2006 <\/strong>Erweiterung der Anlage um 14 Aussenboxen<br \/>\n3ter Platz bei den Kreismeisterschaften<\/p>\n<p><strong>2007<\/strong> Die 20m x 60m Reithalle wird um ein neues Reiterst\u00fcbchen, behindertengerechtes WC und weitere Wirtschaftsr\u00e4ume erweitert<\/p>\n<p><strong>2008<\/strong> Bau eines Longierzeltes<br \/>\n4ter Platz bei den Kreismeisterschaften<br \/>\nMelanie Schroll wird Championatssiegerin des KRV Do und Miriam Okrusch vierte<br \/>\nDer RFZ veranstaltet erstmalig einen Hallengel\u00e4nderitt zusammen mit dem Freundeskreis Vielseitigkeit<\/p>\n<p><strong>2009<\/strong> 3. Platz beim Kreisjugendwettkampf \/ Sieg in der Mannschaft<br \/>\nAnlegen eines neuen Spring- und Turnierplatzes ca. 4500qm incl. Beregnung und Flutlicht.<br \/>\nVergabe der DM der Handycapreiter an den RFZ<br \/>\nPfingstturnier mit 1750 Pferden und 3400 Startern auf Rekordniveau<br \/>\nErstmals eine Aktion f\u00fcr Lichtblicke bringt 2000 \u20ac<\/p>\n<p><strong>2010 <\/strong>Nane-Maiken Pappert und Picco\u00b4s Dream werden Jugendkreismeister<br \/>\nDie Mannschaft erreicht den 3ten Platz<br \/>\nPfingstturnier \u00fcber 5 Tage mit 4000 Nennungen \/ 3000 Pferden<br \/>\nDer RFZ wird von der FN Zertifiziert<br \/>\nErweiterung der Anlage um neue Paddocks auf den&nbsp;ehem. Tennispl\u00e4tze sowie einem weiteren Stalltrakt f\u00fcr 8 Pferde<br \/>\nAusrichtung der Deutschen Meisterschaft f\u00fcr Reiter mit Handicap, gleichzeitig Qualifikationen f\u00fcr die WM in Kentucky<\/p>\n<p><strong>2011 <\/strong>Pfingtturnier mit ca. 3600 Nennungen<strong>, <\/strong>2000 Pferden<br \/>\nGleichz. Sichtungspr\u00fcfung Westf\u00e4lische + Deutsche Meisterschaft Junioren \/ Junge Reiter,Quali. Bundeschampionat 5 j. Springpferde<\/p>\n<p><strong>2012<\/strong> Pfingstturnier mit ca. 3.300 Starts mit insgesamt 58 Pr\u00fcfungen erneut auf 5 Tage ausgedehnt, Gleichzeitig :<br \/>\n&#8211; Spring- und Dressur-Championate 2012 des KRV Dortmund<br \/>\n&#8211; Qualifikationspr\u00fcfung zum Bundeschampionat des \u201cDeutschen Springpferdes\u201d (5j\u00e4hrige)<br \/>\n&#8211; Qualifikation zum Westf. Nachwuchschampionat Pony Springen (bis 14 Jahre)<br \/>\n&#8211; Vorbereitungspr\u00fcfung Westf. Meisterschaft Springen Ponys (U16)<br \/>\n&#8211; Sichtungspr\u00fcfung zur Westf. und Deutschen Meisterschaft Springen Jun.\/J.R.<br \/>\nMelina Brandt und Alando D werden Sieger des KRV Championats Dressur auf A-Basis<br \/>\nAuf L-Basis werden Claudia Shejok und Fionah zweite und Sabrina Zielinski mit Discovery dritte<br \/>\nDer RFZ veranstaltet in Zusammenarbeit mit dem Turnierb\u00fcro Hollmann-Steinebach zwei Dressur-, sowie zwei Spring-Late-Entry\u00b4s<\/p>\n<p><strong>2013&nbsp;<\/strong>Pfingstturnier mit ca. 3000 Starts in rund 50 Pr\u00fcfungen an 4 Veranstaltungstagen, Gleichzeitig:<br \/>\n&#8211; Spring- und Dressur-Championate 2013 des KRV Dortmund<br \/>\n&#8211; Qualifikation zum Westf. Nachwuchschampionat Pony Springen (bis 14 Jahre)<br \/>\n&#8211; Vorbereitungspr\u00fcfung Westf. Meisterschaft Springen Ponys (U16)<br \/>\n&#8211; Sichtungspr\u00fcfung zur Westf. und Deutschen Meisterschaft Springen Jun.\/J.R.<br \/>\nUnsere Jugend erreicht bei den Jugendkreimeisterschaften einen gro\u00dfartigen 3ten Platz<br \/>\nDer RFZ veranstaltet in Zusammenarbeit mit dem Turnierb\u00fcro Hollmann-Steinebach f\u00fcnf Dressur-, sowie f\u00fcnf Spring-Late-Entry\u00b4s<\/p>\n<p><strong>2014<\/strong> Hallenvielseitigkeit im Februar mit vorhergehendem Lehrgang<br \/>\nPfingstturnier mit 50 Pr\u00fcfungen an 4 Veranstaltungstagen und ca 3000 Starts, Gleichzeitig:<br \/>\n&#8211; Spring- und Dressur-Championate 2013 des KRV Dortmund<br \/>\n&#8211; Qualifikation zum Westf. Nachwuchschampionat Pony Springen (bis 14 Jahre)<br \/>\n&#8211; Vorbereitungspr\u00fcfung Westf. Meisterschaft Springen Ponys (U16)<br \/>\n&#8211; Sichtungspr\u00fcfung zur Westf. und Deutschen Meisterschaft Springen Jun.\/J.R.<br \/>\nDressurlehrgang bei Helen Langehanenberg<br \/>\nZwei Late-Entry Veranstaltungen in Zusammenarbeit mit dem Turnierb\u00fcro Hollmann-Steinebach<\/p>\n<p><strong>2015<\/strong><br \/>\n<em>Januar<\/em>: Hallen Late-Entry in Zusammenarbeit mit dem Turnierservice Hollmann-Steinebach<br \/>\n<em>Februar<\/em>: Hallen Vielseitigkeitsturnier mit vorhergehendem Lehrgang<br \/>\n<em>April<\/em>: Aussen-Late-Entry Springen in Zusammenarbeit mit dem Turnierservice Hollmann-Steinebach,<br \/>\nDerby Horslyx Event mit Futtervortrag und Workshop f\u00fcr das Stretching unserer Pferde<br \/>\n<em>Mai<\/em>: Pfingstturnier an 4 Veranstaltungstagen und ca. 3.000 Starts,<br \/>\n&#8211; Championate des KRV Dortmund<br \/>\n&#8211; Einweihung des Andreas Hollmann Gedenksprunges, welcher zuvor von der Jugend gebaut wurde<br \/>\n<em>Oktober<\/em>: Dressurlehrgang bei Olympiateilnehmerin Helen Langehanenberg<br \/>\nLate-Entry in Zusammenarbeit mit dem Turnierservice Hollmann-Steinebach<br \/>\n<em>Dezember<\/em>: Late-Entry in Zusammenarbeit mit dem Turnierservice Hollmann-Steinebach<br \/>\nWeihnachtsfeier<\/p>\n<p><strong>2016<\/strong><br \/>\n<em>Januar<\/em>: 10 Jahre Late-Entry in Zusammenarbeit mit dem Turnierservice Hollmann-Steinebach,<br \/>\nFutterseminar mit Herrn Axel Fromm<br \/>\n<em>Februar<\/em>: Hallen Vielseitigkeitsturnier mit vorhergehendem Lehrgang<br \/>\n<em>M\u00e4rz<\/em>: Aussen-Late-Entry Springen in Zusammenarbeit mit dem Turnierservice Hollmann-Steinebach<br \/>\n<em>April<\/em>: Abnahme der Reitabzeichen mit 19 Teilnehmern<br \/>\n<em>Mai<\/em>: 40tes traditionelles Pfingstturnier an insgesamt 4 Veranstaltungstagen und ca. 3.000 Starts,<br \/>\n&#8211; Wettkampf um die Kreisjugendstandarte des KRV Dortmund, den 1. Platz mit 2280 Punkten sicherte sich der RFZ Bochum Nord<br \/>\n&#8211; Andreas Hollmann Ged\u00e4chtnisspringen der Kl. S<br \/>\n<em>Juli: <\/em>Ausflug mit der Jugend<br \/>\n<em>Oktober<\/em>: Late-Entry in Zusammenarbeit mit dem Turnierservice Hollmann-Steinebach,<br \/>\nDressurlehrgang bei Herrn Norbert&nbsp;Lochthowe<br \/>\n<em>November<\/em>: Langz\u00fcgel-Bodenarbeitskurs mit Stephanie Heine,<br \/>\nDas Team der &#8222;Pferdewaage-Dortmund&#8220; war auf unserer Anlage<br \/>\n<em>Dezember<\/em>: Weihnachtsfeier<br \/>\nLate-Entry in Zusammenarbeit mit dem Turnierservice Hollmann-Steinebach<\/p>\n<p><strong>2017<\/strong><br \/>\n<em>Januar<\/em>: Hallen Spring,- Dressur Late Entry in Zusammenarbeit mit Turnierservice Hollmann-Steinebach<br \/>\n<em>Februar<\/em>: Cavaletti und Stangenlehrgang mit Barbara Arendt, Vielseitigkeitslehrgang mit Vanessa B\u00f6lting,<br \/>\nHallen &#8211; Vielseitigkeitsturnier, Hand.-Boden.-Langz\u00fcgeltraining mit Stephanie Heine<br \/>\n<em>April<\/em>: Aussen Spring,- Dressur Late Entry in Zusammenarbeit mit Turnierservice Hollmann-Steinebach<br \/>\n<em>Juni<\/em>: 41tes traditionelles Pfingstturnier an insgesagmt 4 Veranstaltungstagen in Zusammenarbeit mit dem Turnierservice<br \/>\nHollmann-Steinebach und ca. 3.000 Starts<br \/>\n<em>August<\/em>: Vortrag &#8222;Erste Hilfe beim Pferd<br \/>\n<em>September<\/em>: Springlehrgang mit Ren\u00e8 Berger<br \/>\n<em>Oktober<\/em>: Dressurlehrgang mit Sebastian Heinze, Hallen Spring.-und Dressur Late Entry in Zusammenarbeit mit<br \/>\ndem Turnierservice Hollmann-Steinebach, Vielseitigkeitslehrgang mit Michael Gola<br \/>\n<em>November<\/em>: Vielseitigkeitslehrgang mit E. Schulte-G\u00fcnne, Vortrag &#8222;Pferdebeurteilung&#8220; mit Klaus Harms<br \/>\n<em>Dezember<\/em>: Hallen Spring.-und Dressur Late Entry in Zusammenarbeit mit Turnierservice Hollmann-Steinebach,<br \/>\nWeihnachtsfeier<\/p>\n<p><strong>2018<\/strong><br \/>\n<em>Januar<\/em>: Hallen Spring,- Dressur Late Entry in Zusammenarbeit mit Turnierservice Hollmann-Steinebach<br \/>\n<em>Februar<\/em>: Vielseitigkeitslehrgang und Vielseitigkeitsturnier<br \/>\n<em>M\u00e4rz<\/em>: Abnahme Reitabzeichen, Aussen Spring,- Dressur Late Entry in Zusammenarbeit mit Turnierservice Hollmann-Steinebach<br \/>\n<em>Mai<\/em>: 42tes traditionelles Pfingstturnier an insgesagmt 4 Veranstaltungstagen in Zusammenarbeit mit dem Turnierservice<br \/>\nHollmann-Steinebach und ca. 3.000 Starts<br \/>\n<em>Juni<\/em>: Boden.- und Langz\u00fcgeltraining mit Stephanie Heine<br \/>\n<em>September<\/em>: Boden.- und Langz\u00fcgeltraining mit Stephanie Heine<br \/>\n<em>Oktober<\/em>: Jahreshauptversammlung, Hallen Spring,- Dressur Late Entry in Zusammenarbeit mit Turnierservice Hollmann-Steinebach,<br \/>\nVielseitigkeitslehrgang mit Michael Gola<br \/>\n<em>November<\/em>: Bodenarbeit f\u00fcr Turnierpferde mit Nina Gockeln, Faszienlehrgang mit Laura von &#8222;Mach Dein Pferd fit&#8220;,<br \/>\nSpringlehrgang mit Ren\u00e8 Berger, Vielseitigkeitslehrgang f\u00fcr Kurzentschlossene mit M. Gola<br \/>\n<em>Dezember<\/em>: Hallen Spring,- Dressur Late Entry in Zusammenarbeit mit Turnierservice Hollmann-Steinebach, Nikolausfeier<\/p>\n","protected":false},"excerpt":{"rendered":"<p>In den Katakomben des Hofes Gerd Becker, Bergenerstr, wurde aus einem Kreis von Pferdeliebhabern im Februar 1975 ein Reitverein gegr\u00fcndet. Man nannte sich Reitverein Hiltrop-Bergen.&nbsp; Standort der Schultenhof in Bergen. Als Werbezug f\u00fcr den Reitsport zog man am kommenden Rosenmontag durch die Stra\u00dfen von Hiltrop-Bergen. Es war also der 1te Rosenmontagsumzug, gegr\u00fcndet vom Reitverein. Die [&hellip;]<\/p>\n","protected":false},"author":1,"featured_media":0,"parent":0,"menu_order":2,"comment_status":"closed","ping_status":"open","template":"","meta":{"ngg_post_thumbnail":0,"footnotes":""},"class_list":["post-443","page","type-page","status-publish","hentry"],"_links":{"self":[{"href":"https:\/\/www.rfz-bochum-nord.com\/index.php?rest_route=\/wp\/v2\/pages\/443","targetHints":{"allow":["GET"]}}],"collection":[{"href":"https:\/\/www.rfz-bochum-nord.com\/index.php?rest_route=\/wp\/v2\/pages"}],"about":[{"href":"https:\/\/www.rfz-bochum-nord.com\/index.php?rest_route=\/wp\/v2\/types\/page"}],"author":[{"embeddable":true,"href":"https:\/\/www.rfz-bochum-nord.com\/index.php?rest_route=\/wp\/v2\/users\/1"}],"replies":[{"embeddable":true,"href":"https:\/\/www.rfz-bochum-nord.com\/index.php?rest_route=%2Fwp%2Fv2%2Fcomments&post=443"}],"version-history":[{"count":64,"href":"https:\/\/www.rfz-bochum-nord.com\/index.php?rest_route=\/wp\/v2\/pages\/443\/revisions"}],"predecessor-version":[{"id":14397,"href":"https:\/\/www.rfz-bochum-nord.com\/index.php?rest_route=\/wp\/v2\/pages\/443\/revisions\/14397"}],"wp:attachment":[{"href":"https:\/\/www.rfz-bochum-nord.com\/index.php?rest_route=%2Fwp%2Fv2%2Fmedia&parent=443"}],"curies":[{"name":"wp","href":"https:\/\/api.w.org\/{rel}","templated":true}]}}