{"id":22,"date":"2010-04-28T18:08:28","date_gmt":"2010-04-28T16:08:28","guid":{"rendered":"http:\/\/www.rfz-bochum-nord.com\/?page_id=22"},"modified":"2024-05-13T18:16:04","modified_gmt":"2024-05-13T16:16:04","slug":"sponsoren","status":"publish","type":"page","link":"https:\/\/www.rfz-bochum-nord.com\/?page_id=22","title":{"rendered":"SPONSOREN"},"content":{"rendered":"<p style=\"text-align: justify;\"><strong>Diese Seite ist unseren Sponsoren gewidmet, denen wir auch auf diesem Weg noch einmal f\u00fcr ihr Engagement und ihre Unterst\u00fctzung f\u00fcr unseren Verein recht herzlich danken m\u00f6chten. Ohne den Einsatz von Sponsoren, w\u00e4ren derartige Veranstaltung, wie unser Traditionelles Pfingstturnier, die Late-Entry Turniere oder auch die vergangene Deutsche Meisterschaft f\u00fcr Reiter mit Handicap, nicht durchf\u00fchrbar.<\/strong><\/p>\n<p style=\"text-align: justify;\"><a href=\"http:\/\/www.bochum.de\"><img loading=\"lazy\" decoding=\"async\" class=\"size-full wp-image-2238 alignnone\" src=\"https:\/\/www.rfz-bochum-nord.com\/wp-content\/uploads\/2010\/04\/Stadt-Bochum.gif\" alt=\"Stadt Bochum\" width=\"278\" height=\"59\"><\/a><\/p>\n<p><a href=\"http:\/\/www.sparkassebochum.de\"><img loading=\"lazy\" decoding=\"async\" class=\"size-full wp-image-14960 alignnone\" src=\"https:\/\/www.rfz-bochum-nord.com\/wp-content\/uploads\/2022\/05\/Sparkasse-5.png\" alt=\"\" width=\"244\" height=\"129\"> <\/a><a href=\"https:\/\/www.bob-automobile.de\/\"><img loading=\"lazy\" decoding=\"async\" class=\"alignnone size-full wp-image-17035\" src=\"https:\/\/www.rfz-bochum-nord.com\/wp-content\/uploads\/2024\/05\/Bob.png\" alt=\"\" width=\"225\" height=\"225\" srcset=\"https:\/\/www.rfz-bochum-nord.com\/wp-content\/uploads\/2024\/05\/Bob.png 225w, https:\/\/www.rfz-bochum-nord.com\/wp-content\/uploads\/2024\/05\/Bob-150x150.png 150w\" sizes=\"auto, (max-width: 225px) 100vw, 225px\" \/><\/a><a href=\"http:\/\/www.sparkassebochum.de\"> &nbsp; &nbsp; <\/a><a href=\"https:\/\/krv-dortmund.com\/\"><img loading=\"lazy\" decoding=\"async\" class=\"alignnone\" src=\"https:\/\/krv-dortmund.com\/wp-content\/uploads\/2019\/10\/logokrvdo-e1583062825879.jpg\" alt=\"\" width=\"200\" height=\"116\"><\/a><a href=\"https:\/\/www.uci-kinowelt.de\/\"><img loading=\"lazy\" decoding=\"async\" class=\"alignnone wp-image-17037 size-thumbnail\" src=\"https:\/\/www.rfz-bochum-nord.com\/wp-content\/uploads\/2024\/05\/UCI-150x150.jpg\" alt=\"\" width=\"150\" height=\"150\" srcset=\"https:\/\/www.rfz-bochum-nord.com\/wp-content\/uploads\/2024\/05\/UCI-150x150.jpg 150w, https:\/\/www.rfz-bochum-nord.com\/wp-content\/uploads\/2024\/05\/UCI.jpg 225w\" sizes=\"auto, (max-width: 150px) 100vw, 150px\" \/><\/a><\/p>\n<p><a href=\"http:\/\/www.raiffeisenmarkt.de\"><img loading=\"lazy\" decoding=\"async\" class=\"size-medium wp-image-14961 alignnone\" src=\"https:\/\/www.rfz-bochum-nord.com\/wp-content\/uploads\/2022\/05\/Raiffeisen-300x67.jpg\" alt=\"\" width=\"300\" height=\"67\" srcset=\"https:\/\/www.rfz-bochum-nord.com\/wp-content\/uploads\/2022\/05\/Raiffeisen-300x67.jpg 300w, https:\/\/www.rfz-bochum-nord.com\/wp-content\/uploads\/2022\/05\/Raiffeisen.jpg 332w\" sizes=\"auto, (max-width: 300px) 100vw, 300px\" \/><\/a><\/p>\n<p>&nbsp;<\/p>\n<p>&nbsp;<\/p>\n<p>&nbsp;<\/p>\n<p><a href=\"https:\/\/www.icc-cremer.de\/\"><img loading=\"lazy\" decoding=\"async\" class=\"alignnone size-medium wp-image-17049\" src=\"https:\/\/www.rfz-bochum-nord.com\/wp-content\/uploads\/2024\/05\/Cremer-300x46.png\" alt=\"\" width=\"300\" height=\"46\" srcset=\"https:\/\/www.rfz-bochum-nord.com\/wp-content\/uploads\/2024\/05\/Cremer-300x46.png 300w, https:\/\/www.rfz-bochum-nord.com\/wp-content\/uploads\/2024\/05\/Cremer.png 490w\" sizes=\"auto, (max-width: 300px) 100vw, 300px\" \/><\/a><\/p>\n<p><a href=\"https:\/\/www.fischersoehne.de\/\"><img loading=\"lazy\" decoding=\"async\" class=\"wp-image-2257 size-full alignnone\" src=\"https:\/\/www.rfz-bochum-nord.com\/wp-content\/uploads\/2010\/04\/Fischersoehne.gif\" alt=\"\" width=\"278\" height=\"77\"> &nbsp;<\/a><\/p>\n<p>&nbsp;<\/p>\n<p>&nbsp;<\/p>\n<p><a href=\"https:\/\/zahnarztinbochum.de\/\"><img loading=\"lazy\" decoding=\"async\" class=\"alignnone size-medium wp-image-14982\" src=\"https:\/\/www.rfz-bochum-nord.com\/wp-content\/uploads\/2022\/05\/SCHOUMAKERS-300x56.png\" alt=\"\" width=\"300\" height=\"56\" srcset=\"https:\/\/www.rfz-bochum-nord.com\/wp-content\/uploads\/2022\/05\/SCHOUMAKERS-300x56.png 300w, https:\/\/www.rfz-bochum-nord.com\/wp-content\/uploads\/2022\/05\/SCHOUMAKERS-1024x190.png 1024w, https:\/\/www.rfz-bochum-nord.com\/wp-content\/uploads\/2022\/05\/SCHOUMAKERS-768x142.png 768w, https:\/\/www.rfz-bochum-nord.com\/wp-content\/uploads\/2022\/05\/SCHOUMAKERS-1536x285.png 1536w, https:\/\/www.rfz-bochum-nord.com\/wp-content\/uploads\/2022\/05\/SCHOUMAKERS.png 2000w\" sizes=\"auto, (max-width: 300px) 100vw, 300px\" \/><\/a><\/p>\n<p><a href=\"https:\/\/schajo.com\/\"><img loading=\"lazy\" decoding=\"async\" class=\"alignnone size-full wp-image-17048\" src=\"https:\/\/www.rfz-bochum-nord.com\/wp-content\/uploads\/2024\/05\/Schajo.png\" alt=\"\" width=\"300\" height=\"195\"><\/a><\/p>\n<p><a href=\"https:\/\/www.alpurial.de\"><img loading=\"lazy\" decoding=\"async\" class=\"alignnone size-full wp-image-17038\" src=\"https:\/\/www.rfz-bochum-nord.com\/wp-content\/uploads\/2024\/05\/Alpurial.png\" alt=\"\" width=\"225\" height=\"225\" srcset=\"https:\/\/www.rfz-bochum-nord.com\/wp-content\/uploads\/2024\/05\/Alpurial.png 225w, https:\/\/www.rfz-bochum-nord.com\/wp-content\/uploads\/2024\/05\/Alpurial-150x150.png 150w\" sizes=\"auto, (max-width: 225px) 100vw, 225px\" \/><\/a><a href=\"https:\/\/www.boeckmann.com\"><img loading=\"lazy\" decoding=\"async\" class=\"alignnone wp-image-17039 size-medium\" src=\"https:\/\/www.rfz-bochum-nord.com\/wp-content\/uploads\/2024\/05\/Boeckmann-300x124.png\" alt=\"\" width=\"300\" height=\"124\" srcset=\"https:\/\/www.rfz-bochum-nord.com\/wp-content\/uploads\/2024\/05\/Boeckmann-300x124.png 300w, https:\/\/www.rfz-bochum-nord.com\/wp-content\/uploads\/2024\/05\/Boeckmann.png 349w\" sizes=\"auto, (max-width: 300px) 100vw, 300px\" \/><\/a><\/p>\n<p><a href=\"http:\/\/www.busse-reitsport.de\"><img loading=\"lazy\" decoding=\"async\" class=\"alignnone wp-image-17053 size-medium\" src=\"https:\/\/www.rfz-bochum-nord.com\/wp-content\/uploads\/2024\/05\/Logo_Busse_blau-300x92.png\" alt=\"\" width=\"300\" height=\"92\" srcset=\"https:\/\/www.rfz-bochum-nord.com\/wp-content\/uploads\/2024\/05\/Logo_Busse_blau-300x92.png 300w, https:\/\/www.rfz-bochum-nord.com\/wp-content\/uploads\/2024\/05\/Logo_Busse_blau.png 335w\" sizes=\"auto, (max-width: 300px) 100vw, 300px\" \/><\/a><\/p>\n<p>&nbsp;<\/p>\n<p>&nbsp;<\/p>\n<p><a href=\"http:\/\/www.bvb.de\"><img loading=\"lazy\" decoding=\"async\" class=\"alignnone wp-image-17040 size-thumbnail\" src=\"https:\/\/www.rfz-bochum-nord.com\/wp-content\/uploads\/2024\/05\/BvB-150x150.png\" alt=\"\" width=\"150\" height=\"150\" srcset=\"https:\/\/www.rfz-bochum-nord.com\/wp-content\/uploads\/2024\/05\/BvB-150x150.png 150w, https:\/\/www.rfz-bochum-nord.com\/wp-content\/uploads\/2024\/05\/BvB.png 225w\" sizes=\"auto, (max-width: 150px) 100vw, 150px\" \/><\/a><\/p>\n<p>&nbsp;<\/p>\n<p><a href=\"https:\/\/www.schaette.de\"><img loading=\"lazy\" decoding=\"async\" class=\"alignnone size-medium wp-image-17041\" src=\"https:\/\/www.rfz-bochum-nord.com\/wp-content\/uploads\/2024\/05\/Dr_Schaette_Logo_mClaim_4c-300x92.jpg\" alt=\"\" width=\"300\" height=\"92\" srcset=\"https:\/\/www.rfz-bochum-nord.com\/wp-content\/uploads\/2024\/05\/Dr_Schaette_Logo_mClaim_4c-300x92.jpg 300w, https:\/\/www.rfz-bochum-nord.com\/wp-content\/uploads\/2024\/05\/Dr_Schaette_Logo_mClaim_4c-1024x313.jpg 1024w, https:\/\/www.rfz-bochum-nord.com\/wp-content\/uploads\/2024\/05\/Dr_Schaette_Logo_mClaim_4c-768x235.jpg 768w, https:\/\/www.rfz-bochum-nord.com\/wp-content\/uploads\/2024\/05\/Dr_Schaette_Logo_mClaim_4c-1536x470.jpg 1536w, https:\/\/www.rfz-bochum-nord.com\/wp-content\/uploads\/2024\/05\/Dr_Schaette_Logo_mClaim_4c.jpg 1796w\" sizes=\"auto, (max-width: 300px) 100vw, 300px\" \/><\/a><a href=\"https:\/\/eohippos-pferdefutter.de\/\"><img loading=\"lazy\" decoding=\"async\" class=\"alignnone size-medium wp-image-17042\" src=\"https:\/\/www.rfz-bochum-nord.com\/wp-content\/uploads\/2024\/05\/eohippos-pferdefutter-logo-300x148.png\" alt=\"\" width=\"300\" height=\"148\" srcset=\"https:\/\/www.rfz-bochum-nord.com\/wp-content\/uploads\/2024\/05\/eohippos-pferdefutter-logo-300x148.png 300w, https:\/\/www.rfz-bochum-nord.com\/wp-content\/uploads\/2024\/05\/eohippos-pferdefutter-logo.png 600w\" sizes=\"auto, (max-width: 300px) 100vw, 300px\" \/><\/a><\/p>\n<p>&nbsp;<\/p>\n<p><a href=\"https:\/\/www.josera.de\"><img loading=\"lazy\" decoding=\"async\" class=\"alignnone size-full wp-image-12828\" src=\"https:\/\/www.rfz-bochum-nord.com\/wp-content\/uploads\/2010\/04\/Josera.png\" alt=\"\" width=\"132\" height=\"48\"><\/a><\/p>\n<p><a href=\"http:\/\/www.futterfee.de\"><img loading=\"lazy\" decoding=\"async\" class=\"alignnone wp-image-17043 size-medium\" src=\"https:\/\/www.rfz-bochum-nord.com\/wp-content\/uploads\/2024\/05\/Futterfee-300x150.jpg\" alt=\"\" width=\"300\" height=\"150\" srcset=\"https:\/\/www.rfz-bochum-nord.com\/wp-content\/uploads\/2024\/05\/Futterfee-300x150.jpg 300w, https:\/\/www.rfz-bochum-nord.com\/wp-content\/uploads\/2024\/05\/Futterfee.jpg 319w\" sizes=\"auto, (max-width: 300px) 100vw, 300px\" \/><\/a><a href=\"https:\/\/www.hyssani.be\/\"><img loading=\"lazy\" decoding=\"async\" class=\"alignnone size-full wp-image-17044\" src=\"https:\/\/www.rfz-bochum-nord.com\/wp-content\/uploads\/2024\/05\/Hyssani.jpg\" alt=\"\" width=\"251\" height=\"201\"><\/a><\/p>\n<p><a href=\"https:\/\/www.kerbl.com\"><img loading=\"lazy\" decoding=\"async\" class=\"alignnone size-medium wp-image-17045\" src=\"https:\/\/www.rfz-bochum-nord.com\/wp-content\/uploads\/2024\/05\/Kerbl-300x100.png\" alt=\"\" width=\"300\" height=\"100\" srcset=\"https:\/\/www.rfz-bochum-nord.com\/wp-content\/uploads\/2024\/05\/Kerbl-300x100.png 300w, https:\/\/www.rfz-bochum-nord.com\/wp-content\/uploads\/2024\/05\/Kerbl.png 389w\" sizes=\"auto, (max-width: 300px) 100vw, 300px\" \/> <\/a><a href=\"https:\/\/royalhorsemen.de\"><img loading=\"lazy\" decoding=\"async\" class=\"alignnone wp-image-17046 size-thumbnail\" src=\"https:\/\/www.rfz-bochum-nord.com\/wp-content\/uploads\/2024\/05\/RoyalHorseman-150x150.png\" alt=\"\" width=\"150\" height=\"150\" srcset=\"https:\/\/www.rfz-bochum-nord.com\/wp-content\/uploads\/2024\/05\/RoyalHorseman-150x150.png 150w, https:\/\/www.rfz-bochum-nord.com\/wp-content\/uploads\/2024\/05\/RoyalHorseman.png 225w\" sizes=\"auto, (max-width: 150px) 100vw, 150px\" \/><\/a><\/p>\n<p><a href=\"https:\/\/www.equiva.com\/stores\/castrop-rauxel\"><img loading=\"lazy\" decoding=\"async\" class=\"size-full wp-image-14959 alignnone\" src=\"https:\/\/www.rfz-bochum-nord.com\/wp-content\/uploads\/2022\/05\/Equiva.gif\" alt=\"\" width=\"250\" height=\"80\"> &nbsp; &nbsp; &nbsp; <\/a><a href=\"https:\/\/www.vfl-bochum.de\/de\"><img loading=\"lazy\" decoding=\"async\" class=\"alignnone wp-image-17047 size-thumbnail\" src=\"https:\/\/www.rfz-bochum-nord.com\/wp-content\/uploads\/2024\/05\/vfl-150x150.png\" alt=\"\" width=\"150\" height=\"150\"><\/a><\/p>\n<p>&nbsp;<\/p>\n<p><a href=\"https:\/\/brenschede.de\/\"><img loading=\"lazy\" decoding=\"async\" class=\"wp-image-15726 size-thumbnail alignnone\" src=\"https:\/\/www.rfz-bochum-nord.com\/wp-content\/uploads\/2023\/05\/275729710_422384543028096_278631487137293391_n-150x150.jpg\" alt=\"\" width=\"150\" height=\"150\" srcset=\"https:\/\/www.rfz-bochum-nord.com\/wp-content\/uploads\/2023\/05\/275729710_422384543028096_278631487137293391_n-150x150.jpg 150w, https:\/\/www.rfz-bochum-nord.com\/wp-content\/uploads\/2023\/05\/275729710_422384543028096_278631487137293391_n-300x300.jpg 300w, https:\/\/www.rfz-bochum-nord.com\/wp-content\/uploads\/2023\/05\/275729710_422384543028096_278631487137293391_n.jpg 690w\" sizes=\"auto, (max-width: 150px) 100vw, 150px\" \/><\/a><a href=\"http:\/\/https:\/\/edelmetallcontor.de\/\"><br \/>\n<img loading=\"lazy\" decoding=\"async\" class=\"wp-image-2787 size-medium alignnone\" src=\"https:\/\/www.rfz-bochum-nord.com\/wp-content\/uploads\/2010\/04\/Header-300x52.gif\" alt=\"\" width=\"300\" height=\"52\"> &nbsp; <\/a><\/p>\n<p><a href=\"http:\/\/https:\/\/edelmetallcontor.de\/\">&nbsp; &nbsp; &nbsp;<\/a><a href=\"https:\/\/www.hoeveler.com\/home.html\"><img loading=\"lazy\" decoding=\"async\" class=\"size-full wp-image-2250 alignnone\" src=\"https:\/\/www.rfz-bochum-nord.com\/wp-content\/uploads\/2010\/04\/H\u00f6veler.png\" alt=\"\" width=\"145\" height=\"86\"><\/a><a href=\"http:\/\/www.ea-st.com\"><img loading=\"lazy\" decoding=\"async\" class=\"alignnone wp-image-14958 size-thumbnail\" src=\"https:\/\/www.rfz-bochum-nord.com\/wp-content\/uploads\/2022\/05\/eaSt-150x150.jpg\" alt=\"\" width=\"150\" height=\"150\"><\/a><a href=\"https:\/\/www.tierversicherungen-schewe.de\/\"><img loading=\"lazy\" decoding=\"async\" class=\"size-full wp-image-10082 alignnone\" src=\"https:\/\/www.rfz-bochum-nord.com\/wp-content\/uploads\/2010\/04\/Schewe.jpg\" alt=\"\" width=\"200\" height=\"200\" srcset=\"https:\/\/www.rfz-bochum-nord.com\/wp-content\/uploads\/2010\/04\/Schewe.jpg 200w, https:\/\/www.rfz-bochum-nord.com\/wp-content\/uploads\/2010\/04\/Schewe-150x150.jpg 150w\" sizes=\"auto, (max-width: 200px) 100vw, 200px\" \/><\/a><\/p>\n<p><a href=\"https:\/\/www.boeckmann.com\/de\">&nbsp;<\/a><a href=\"https:\/\/kristallkraft-pferdefutter.de\/\"> <img loading=\"lazy\" decoding=\"async\" class=\"alignnone\" src=\"https:\/\/kristallkraft-pferdefutter.de\/cdn\/shop\/files\/kristallkraft-logo-qr_280x.png?v=1654863501\" alt=\"Kristallkraft Naturprodukte GmbH\" width=\"280\" height=\"108\"><\/a><\/p>\n<p><a href=\"http:\/\/www.walter-elektro-anlagen.de\"><img loading=\"lazy\" decoding=\"async\" class=\"wp-image-2232 alignnone\" src=\"https:\/\/www.rfz-bochum-nord.com\/wp-content\/uploads\/2010\/04\/Walter.jpg\" alt=\"Walter\" width=\"184\" height=\"194\"><\/a><a href=\"https:\/\/www.facebook.com\/RidingEvolution\/?ref=ts&amp;fref=ts\"><img loading=\"lazy\" decoding=\"async\" class=\"aligncenter size-full wp-image-4361\" src=\"https:\/\/www.rfz-bochum-nord.com\/wp-content\/uploads\/2010\/04\/ridingevolution.gif\" alt=\"ridingevolution\" width=\"1\" height=\"1\"><\/a><\/p>\n<p><a href=\"http:\/\/www.kochmaulwurf.de\"><img loading=\"lazy\" decoding=\"async\" class=\"size-full wp-image-2269 alignnone\" src=\"https:\/\/www.rfz-bochum-nord.com\/wp-content\/uploads\/2010\/04\/Koch.jpg\" alt=\"Koch\" width=\"448\" height=\"67\" srcset=\"https:\/\/www.rfz-bochum-nord.com\/wp-content\/uploads\/2010\/04\/Koch.jpg 800w, https:\/\/www.rfz-bochum-nord.com\/wp-content\/uploads\/2010\/04\/Koch-300x45.jpg 300w\" sizes=\"auto, (max-width: 448px) 100vw, 448px\" \/><\/a><\/p>\n<p><a href=\"http:\/\/www.hkm-sports.de\">&nbsp;&nbsp; <\/a><a href=\"https:\/\/www.kraemer.de\/\"><img loading=\"lazy\" decoding=\"async\" class=\"wp-image-10050 alignnone\" src=\"https:\/\/www.rfz-bochum-nord.com\/wp-content\/uploads\/2010\/04\/Kraemer_Logo_quer.jpg\" alt=\"Kraemer_Logo_quer\" width=\"310\" height=\"76\" srcset=\"https:\/\/www.rfz-bochum-nord.com\/wp-content\/uploads\/2010\/04\/Kraemer_Logo_quer.jpg 921w, https:\/\/www.rfz-bochum-nord.com\/wp-content\/uploads\/2010\/04\/Kraemer_Logo_quer-300x74.jpg 300w\" sizes=\"auto, (max-width: 310px) 100vw, 310px\" \/><\/a><\/p>\n<p><a href=\"https:\/\/www.wahl-reitsport.com\/\"><br \/>\n<\/a><a href=\"http:\/\/www.ewalia.de\"><img loading=\"lazy\" decoding=\"async\" class=\"wp-image-14953 size-thumbnail alignnone\" src=\"https:\/\/www.rfz-bochum-nord.com\/wp-content\/uploads\/2022\/05\/Ewalia-150x150.jpg\" alt=\"\" width=\"150\" height=\"150\"> &nbsp; &nbsp; &nbsp; &nbsp; <\/a><a href=\"https:\/\/www.rfz-bochum-nord.com\/wp-content\/uploads\/2010\/04\/Onlineshop_Hofmeister_Pferdesport.jpg\"><img loading=\"lazy\" decoding=\"async\" class=\"size-medium wp-image-2344 alignnone\" src=\"https:\/\/www.rfz-bochum-nord.com\/wp-content\/uploads\/2010\/04\/Onlineshop_Hofmeister_Pferdesport-300x100.jpg\" alt=\"Onlineshop_Hofmeister_Pferdesport\" width=\"300\" height=\"100\" srcset=\"https:\/\/www.rfz-bochum-nord.com\/wp-content\/uploads\/2010\/04\/Onlineshop_Hofmeister_Pferdesport-300x100.jpg 300w, https:\/\/www.rfz-bochum-nord.com\/wp-content\/uploads\/2010\/04\/Onlineshop_Hofmeister_Pferdesport-1024x341.jpg 1024w\" sizes=\"auto, (max-width: 300px) 100vw, 300px\" \/><\/a><\/p>\n<p><a href=\"https:\/\/moe-shop.de\/\">&nbsp;&nbsp; &nbsp; &nbsp; &nbsp; <\/a><a href=\"https:\/\/www.facebook.com\/Reitsport-Claussen-399142466770611\/\"><img loading=\"lazy\" decoding=\"async\" class=\"alignnone wp-image-10086\" src=\"https:\/\/www.rfz-bochum-nord.com\/wp-content\/uploads\/2010\/04\/Claussen.jpg\" alt=\"Claussen\" width=\"153\" height=\"153\" srcset=\"https:\/\/www.rfz-bochum-nord.com\/wp-content\/uploads\/2010\/04\/Claussen.jpg 200w, https:\/\/www.rfz-bochum-nord.com\/wp-content\/uploads\/2010\/04\/Claussen-150x150.jpg 150w\" sizes=\"auto, (max-width: 153px) 100vw, 153px\" \/><\/a><\/p>\n<p>&nbsp;<\/p>\n<p>&nbsp;<\/p>\n<p><a href=\"https:\/\/www.carubina.com\/\">&nbsp; <\/a><a href=\"https:\/\/www.sg-reitsimulator.de\/\"><img loading=\"lazy\" decoding=\"async\" class=\"alignnone wp-image-15730 size-thumbnail\" src=\"https:\/\/www.rfz-bochum-nord.com\/wp-content\/uploads\/2023\/05\/images-150x130.png\" alt=\"\" width=\"150\" height=\"130\"><\/a><\/p>\n<p>&nbsp;<\/p>\n<p>&nbsp;<\/p>\n<p>&nbsp;<\/p>\n<p>&nbsp;<\/p>\n<p>&nbsp;<\/p>\n<p>&nbsp;<\/p>\n<p>&nbsp;<\/p>\n<p>&nbsp;<\/p>\n<p>&nbsp;<\/p>\n<p>&nbsp;<\/p>\n<p>&nbsp;<\/p>\n<p>&nbsp;<\/p>\n<p>&nbsp;<\/p>\n<p>&nbsp;<\/p>\n<p>&nbsp;<\/p>\n<p>&nbsp;<\/p>\n<p>&nbsp;<\/p>\n<p>&nbsp;<\/p>\n<p>&nbsp;<\/p>\n<p>&nbsp;<\/p>\n<p>&nbsp;<\/p>\n<p>&nbsp;<\/p>\n<p>&nbsp;<\/p>\n<p>&nbsp;<\/p>\n<p>&nbsp;<\/p>\n<p>&nbsp;<\/p>\n<p>&nbsp;<\/p>\n<p>&nbsp;<\/p>\n<p>&nbsp;<\/p>\n<p>&nbsp;<\/p>\n<p>&nbsp;<\/p>\n<p>&nbsp;<\/p>\n<p>&nbsp;<\/p>\n<p>&nbsp;<\/p>\n<p>&nbsp;<\/p>\n<p>&nbsp;<\/p>\n<p>&nbsp;<\/p>\n<p>&nbsp;<\/p>\n<p>&nbsp;<\/p>\n<p>&nbsp;<\/p>\n<p>&nbsp;<\/p>\n<p>&nbsp;<\/p>\n<p>&nbsp;<\/p>\n<p>&nbsp;<\/p>\n<p>&nbsp;<\/p>\n<p>&nbsp;<\/p>\n<p>&nbsp;<\/p>\n<p>&nbsp;<\/p>\n<p>&nbsp;<\/p>\n<p>&nbsp;<\/p>\n<p>&nbsp;<\/p>\n<p>&nbsp;<\/p>\n<p>&nbsp;<\/p>\n<p>&nbsp;<\/p>\n<p>&nbsp;<\/p>\n<p>&nbsp;<\/p>\n<p>&nbsp;<\/p>\n<p>&nbsp;<\/p>\n<p>&nbsp;<\/p>\n<p>&nbsp;<\/p>\n<p>&nbsp;<\/p>\n<p>&nbsp;<\/p>\n<p>&nbsp;<\/p>\n<p>&nbsp;<\/p>\n<p>&nbsp;<\/p>\n<p>&nbsp;<\/p>\n<p>&nbsp;<\/p>\n<p>&nbsp;<\/p>\n<p>&nbsp;<\/p>\n<p>&nbsp;<\/p>\n<p>&nbsp;<\/p>\n<p>&nbsp;<\/p>\n<p>&nbsp;<\/p>\n<p>&nbsp;<\/p>\n<p>&nbsp;<\/p>\n<p>&nbsp;<\/p>\n<p>&nbsp;<\/p>\n<p>&nbsp;<\/p>\n<p>&nbsp;<\/p>\n<p>&nbsp;<\/p>\n<p>&nbsp;<\/p>\n<p>&nbsp;<\/p>\n<p>&nbsp;<\/p>\n<ul>\n<li><a href=\"http:\/\/www.erver-metallbau.de\/\">Baumaschinen-Service H. D. Erver<\/a><\/li>\n<li>Reitsport Gerd Kettler<\/li>\n<li><a href=\"_wp_link_placeholder\" data-wplink-edit=\"true\">Sattlerei \u00c4nne B\u00f6hm<\/a><\/li>\n<li>Reitsport Grigoleit<\/li>\n<li>Familie Spiekermann<\/li>\n<li>Familie Tegeler<\/li>\n<li>Familie Hempel<\/li>\n<li>Familie Kuhnigk<\/li>\n<li><a href=\"http:\/\/www.heu-und-strohexpress.de\/\">Heu- und Strohexpress Marc Schl\u00fcter<\/a><\/li>\n<\/ul>\n<p><a href=\"https:\/\/www.rfz-bochum-nord.com\/wp-content\/uploads\/2010\/04\/received_840653516024972.jpeg\"><img loading=\"lazy\" decoding=\"async\" class=\"aligncenter size-thumbnail wp-image-3090\" src=\"https:\/\/www.rfz-bochum-nord.com\/wp-content\/uploads\/2010\/04\/received_840653516024972-150x150.jpeg\" alt=\"received_840653516024972\" width=\"150\" height=\"150\"><\/a><a href=\"https:\/\/www.boeckmann.com\/de\"><img loading=\"lazy\" decoding=\"async\" class=\"alignnone\" src=\"https:\/\/www.boeckmann.com\/bundles\/boeckmannpage\/images\/icons\/logo.52dfe1f4.svg\" alt=\"Startseite\" width=\"358\" height=\"143\"><\/a><\/p>\n<p>&nbsp;<\/p>\n","protected":false},"excerpt":{"rendered":"<p>Diese Seite ist unseren Sponsoren gewidmet, denen wir auch auf diesem Weg noch einmal f\u00fcr ihr Engagement und ihre Unterst\u00fctzung f\u00fcr unseren Verein recht herzlich danken m\u00f6chten. Ohne den Einsatz von Sponsoren, w\u00e4ren derartige Veranstaltung, wie unser Traditionelles Pfingstturnier, die Late-Entry Turniere oder auch die vergangene Deutsche Meisterschaft f\u00fcr Reiter mit Handicap, nicht durchf\u00fchrbar. &nbsp; [&hellip;]<\/p>\n","protected":false},"author":1,"featured_media":0,"parent":0,"menu_order":8,"comment_status":"closed","ping_status":"open","template":"","meta":{"ngg_post_thumbnail":0,"footnotes":""},"class_list":["post-22","page","type-page","status-publish","hentry"],"_links":{"self":[{"href":"https:\/\/www.rfz-bochum-nord.com\/index.php?rest_route=\/wp\/v2\/pages\/22","targetHints":{"allow":["GET"]}}],"collection":[{"href":"https:\/\/www.rfz-bochum-nord.com\/index.php?rest_route=\/wp\/v2\/pages"}],"about":[{"href":"https:\/\/www.rfz-bochum-nord.com\/index.php?rest_route=\/wp\/v2\/types\/page"}],"author":[{"embeddable":true,"href":"https:\/\/www.rfz-bochum-nord.com\/index.php?rest_route=\/wp\/v2\/users\/1"}],"replies":[{"embeddable":true,"href":"https:\/\/www.rfz-bochum-nord.com\/index.php?rest_route=%2Fwp%2Fv2%2Fcomments&post=22"}],"version-history":[{"count":205,"href":"https:\/\/www.rfz-bochum-nord.com\/index.php?rest_route=\/wp\/v2\/pages\/22\/revisions"}],"predecessor-version":[{"id":17058,"href":"https:\/\/www.rfz-bochum-nord.com\/index.php?rest_route=\/wp\/v2\/pages\/22\/revisions\/17058"}],"wp:attachment":[{"href":"https:\/\/www.rfz-bochum-nord.com\/index.php?rest_route=%2Fwp%2Fv2%2Fmedia&parent=22"}],"curies":[{"name":"wp","href":"https:\/\/api.w.org\/{rel}","templated":true}]}}