{"id":19,"date":"2010-04-28T17:59:33","date_gmt":"2010-04-28T15:59:33","guid":{"rendered":"http:\/\/www.rfz-bochum-nord.com\/?page_id=19"},"modified":"2010-05-16T19:46:21","modified_gmt":"2010-05-16T17:46:21","slug":"datenschutz","status":"publish","type":"page","link":"https:\/\/www.rfz-bochum-nord.com\/?page_id=19","title":{"rendered":"Datenschutz"},"content":{"rendered":"<p style=\"text-align: justify;\">Hinweise zum Datenschutz<br \/>\nrfz-bochum-nord.com ist sehr um Datenschutz bem\u00fcht, allerdings werden im Rahmen unseres Webangebots \u2013 wie auch anderswo \u00fcblich \u2013 einige personenbezogene Daten erhoben und verarbeitet.<br \/>\nDie Verwendung Ihrer Daten wird in den folgenden Abschnitten erl\u00e4utert.<br \/>\nS\u00e4mtliche auf dieser Webpr\u00e4senz erhobenen pers\u00f6nlichen Daten werden zur Bearbeitung der Benutzeraktionen erhoben und verarbeitet. Bei der Benutzung dieses Webangebots wird die IP-Adresse in Verbindung mit Zugriffszeit, der abgerufenen Datei, dem HTTP-Referer (sofern Ihr Rechner diesen nicht blockiert) und Ihrer Browserversion dauerhaft gespeichert. Eine Verwendung dieser Daten im Rahmen der statistischen Analyse des Webangebots bleibt vorbehalten und ist notwendig, um eine mindestens gleichbleibende Qualit\u00e4t zu gew\u00e4hrleisten.<br \/>\nWeiterhin ist es m\u00f6glich, auf rfz-bochum-nord.com Kommentare zu hinterlassen, wobei der Name, die E-Mail- und die IP-Adresse des Verfassers in Verbindung mit dem Kommentar gespeichert werden. E-Mail- und IP-Adresse sind jedoch nur f\u00fcr Administratoren von dmrmh.de einsehbar, die E-Mail-Adresse wird f\u00fcr eventuelle R\u00fcckfragen verwendet. Diese Daten werden auch auf Ihrem Rechner in einem sog. Cookie gespeichert, damit Sie diese bei einem weiteren Kommentar nicht neu eingeben m\u00fcssen. Diesen Cookie k\u00f6nnen Sie jederzeit selbst l\u00f6schen. Da auf dieser Seite Werbung durch Google Adsense angezeigt wird, speichert Ihr Browser eventuell ein von Google Inc. oder Dritten gesendetes Cookie. Dieses Cookie kann durch Google Inc. oder Dritten ausgelesen werden. Um dieses Cookie zu l\u00f6schen oder die Cookiebehandlung generell zu ver\u00e4ndern, konsultieren Sie bitte die Hilfe Ihres Browsers. In der Regel finden sich diese Einstellungen unter Extras -&gt; Einstellungen Datenschutz (Firefox) oder unter Extras -&gt; Internetoptionen -&gt; Datenschutz (Internet Explorer).<br \/>\nKommentare einschlie\u00dflich E-Mail- und IP-Adresse werden au\u00dferdem \u2013 allein zum Zwecke der Spam-Analyse \u2013 an Server der Firma Automattic \u00fcbermittelt. Die Datenschutzbestimmungen von Automattic garantieren, dass diese Daten dort nur zur Spam-Analyse verwendet und nicht dauerhaft gespeichert werden (au\u00dfer \u2013 soweit n\u00f6tig \u2013 zur Markierung von Spam und Falschpositiven). Da wir keinen Zugriff auf die Server von Automattic haben, k\u00f6nnen wir die Einhaltung dieser Vorschriften allerdings nicht gew\u00e4hrleisten. Sollten sich diese Bedingungen zum Nachteil der Benutzer \u00e4ndern, wird die Verwendung des Dienstes eingestellt.<br \/>\nAlle Benutzerdaten werden von uns vertraulich behandelt. Eine Verwendung von Benutzerdaten zu Werbezwecken u.\u00e4. findet in keinem Fall statt. Eine Weitergabe von Benutzerdaten an Dritte findet (abgesehen von der zuvor beschriebenen Spam-Analyse) in keinem Fall statt, au\u00dfer wenn und soweit dies aufgrund rechtlicher Bestimmungen notwendig sein sollte.<br \/>\nIhre Rechte nach europ\u00e4ischen und bundesdeutschen Datenschutzgesetzen bleiben unber\u00fchrt. Sollten Sie weitere Fragen zum Datenschutz auf rfz-bochum-nord.com haben, senden Sie uns bitte eine Nachricht.<\/p>\n","protected":false},"excerpt":{"rendered":"<p>Hinweise zum Datenschutz rfz-bochum-nord.com ist sehr um Datenschutz bem\u00fcht, allerdings werden im Rahmen unseres Webangebots \u2013 wie auch anderswo \u00fcblich \u2013 einige personenbezogene Daten erhoben und verarbeitet. Die Verwendung Ihrer Daten wird in den folgenden Abschnitten erl\u00e4utert. S\u00e4mtliche auf dieser Webpr\u00e4senz erhobenen pers\u00f6nlichen Daten werden zur Bearbeitung der Benutzeraktionen erhoben und verarbeitet. Bei der Benutzung [&hellip;]<\/p>\n","protected":false},"author":1,"featured_media":0,"parent":0,"menu_order":10,"comment_status":"closed","ping_status":"open","template":"","meta":{"ngg_post_thumbnail":0,"footnotes":""},"class_list":["post-19","page","type-page","status-publish","hentry"],"_links":{"self":[{"href":"https:\/\/www.rfz-bochum-nord.com\/index.php?rest_route=\/wp\/v2\/pages\/19","targetHints":{"allow":["GET"]}}],"collection":[{"href":"https:\/\/www.rfz-bochum-nord.com\/index.php?rest_route=\/wp\/v2\/pages"}],"about":[{"href":"https:\/\/www.rfz-bochum-nord.com\/index.php?rest_route=\/wp\/v2\/types\/page"}],"author":[{"embeddable":true,"href":"https:\/\/www.rfz-bochum-nord.com\/index.php?rest_route=\/wp\/v2\/users\/1"}],"replies":[{"embeddable":true,"href":"https:\/\/www.rfz-bochum-nord.com\/index.php?rest_route=%2Fwp%2Fv2%2Fcomments&post=19"}],"version-history":[{"count":4,"href":"https:\/\/www.rfz-bochum-nord.com\/index.php?rest_route=\/wp\/v2\/pages\/19\/revisions"}],"predecessor-version":[{"id":224,"href":"https:\/\/www.rfz-bochum-nord.com\/index.php?rest_route=\/wp\/v2\/pages\/19\/revisions\/224"}],"wp:attachment":[{"href":"https:\/\/www.rfz-bochum-nord.com\/index.php?rest_route=%2Fwp%2Fv2%2Fmedia&parent=19"}],"curies":[{"name":"wp","href":"https:\/\/api.w.org\/{rel}","templated":true}]}}